{"id":807,"date":"2021-03-10T13:26:42","date_gmt":"2021-03-10T18:26:42","guid":{"rendered":"https:\/\/chaparriexpeditions.com\/?page_id=807"},"modified":"2023-01-26T20:14:03","modified_gmt":"2023-01-27T01:14:03","slug":"hablemos","status":"publish","type":"page","link":"https:\/\/chaparriexpeditions.com\/en\/hablemos\/","title":{"rendered":"Let's talk about your visit to Chaparri!"},"content":{"rendered":"\t\t<div data-elementor-type=\"wp-page\" data-elementor-id=\"807\" class=\"elementor elementor-807\">\n\t\t\t\t\t\t<section class=\"th-parallax elementor-section elementor-top-section elementor-element elementor-element-555a05ab elementor-section-full_width elementor-section-height-default elementor-section-height-default\" data-parallax=\"scroll\" data-image-src=\"https:\/\/chaparriexpeditions.com\/wp-content\/uploads\/2021\/06\/hablemos-1.jpg\" data-id=\"555a05ab\" data-element_type=\"section\" data-e-type=\"section\" data-settings=\"{&quot;background_background&quot;:&quot;classic&quot;}\">\n\t\t\t\t\t\t<div class=\"elementor-container elementor-column-gap-default\">\n\t\t\t\t\t<div class=\"elementor-column elementor-col-50 elementor-top-column elementor-element elementor-element-13321ce9\" data-id=\"13321ce9\" data-element_type=\"column\" data-e-type=\"column\">\n\t\t\t<div class=\"elementor-widget-wrap elementor-element-populated\">\n\t\t\t\t\t\t<div class=\"elementor-element elementor-element-753de1d elementor-widget elementor-widget-spacer\" data-id=\"753de1d\" data-element_type=\"widget\" data-e-type=\"widget\" data-widget_type=\"spacer.default\">\n\t\t\t\t<div class=\"elementor-widget-container\">\n\t\t\t\t\t\t\t<div class=\"elementor-spacer\">\n\t\t\t<div class=\"elementor-spacer-inner\"><\/div>\n\t\t<\/div>\n\t\t\t\t\t\t<\/div>\n\t\t\t\t<\/div>\n\t\t\t\t<div class=\"elementor-element elementor-element-55c46e2d elementor-widget elementor-widget-themo-info-card\" data-id=\"55c46e2d\" data-element_type=\"widget\" data-e-type=\"widget\" id=\"hablemos-box\" data-widget_type=\"themo-info-card.default\">\n\t\t\t\t<div class=\"elementor-widget-container\">\n\t\t\t\t\t\t\t<div class=\"th-info-card-wrap\">\n            <div class=\"elementor-icon-box-wrapper\">\n                <div class=\"elementor-icon-box-content\">\n                    <h3 class=\"elementor-icon-box-title\">Chaparr\u00ed nos espera<\/h3>\n                    <p class=\"elementor-icon-box-description\"><div style=\"text-align:center;color:white\">\nLunes a Domingo.\n8:00am-5:30pm<br \/>\n\u00a1Todos los d\u00edas del a\u00f1o!<br \/>\nCont\u00e1ctanos al +51 984 676 249.\n<\/div><\/p>\n                <\/div>\n                            <\/div>\n        <\/div>\n\n\t\t\t\t\t\t<\/div>\n\t\t\t\t<\/div>\n\t\t\t\t<div class=\"elementor-element elementor-element-386e193d elementor-widget elementor-widget-spacer\" data-id=\"386e193d\" data-element_type=\"widget\" data-e-type=\"widget\" data-widget_type=\"spacer.default\">\n\t\t\t\t<div class=\"elementor-widget-container\">\n\t\t\t\t\t\t\t<div class=\"elementor-spacer\">\n\t\t\t<div class=\"elementor-spacer-inner\"><\/div>\n\t\t<\/div>\n\t\t\t\t\t\t<\/div>\n\t\t\t\t<\/div>\n\t\t\t\t\t<\/div>\n\t\t<\/div>\n\t\t\t\t<div class=\"elementor-column elementor-col-50 elementor-top-column elementor-element elementor-element-56d56249\" data-id=\"56d56249\" data-element_type=\"column\" data-e-type=\"column\">\n\t\t\t<div class=\"elementor-widget-wrap elementor-element-populated\">\n\t\t\t\t\t\t<div class=\"elementor-element elementor-element-551e40b elementor-widget elementor-widget-spacer\" data-id=\"551e40b\" data-element_type=\"widget\" data-e-type=\"widget\" data-widget_type=\"spacer.default\">\n\t\t\t\t<div class=\"elementor-widget-container\">\n\t\t\t\t\t\t\t<div class=\"elementor-spacer\">\n\t\t\t<div class=\"elementor-spacer-inner\"><\/div>\n\t\t<\/div>\n\t\t\t\t\t\t<\/div>\n\t\t\t\t<\/div>\n\t\t\t\t<div class=\"elementor-element elementor-element-692bb8c4 elementor-widget elementor-widget-spacer\" data-id=\"692bb8c4\" data-element_type=\"widget\" data-e-type=\"widget\" data-widget_type=\"spacer.default\">\n\t\t\t\t<div class=\"elementor-widget-container\">\n\t\t\t\t\t\t\t<div class=\"elementor-spacer\">\n\t\t\t<div class=\"elementor-spacer-inner\"><\/div>\n\t\t<\/div>\n\t\t\t\t\t\t<\/div>\n\t\t\t\t<\/div>\n\t\t\t\t\t<\/div>\n\t\t<\/div>\n\t\t\t\t\t<\/div>\n\t\t<\/section>\n\t\t\t\t<section class=\"elementor-section elementor-top-section elementor-element elementor-element-518160c6 elementor-section-full_width elementor-section-height-default elementor-section-height-default\" data-id=\"518160c6\" data-element_type=\"section\" data-e-type=\"section\" data-settings=\"{&quot;background_background&quot;:&quot;classic&quot;}\">\n\t\t\t\t\t\t<div class=\"elementor-container elementor-column-gap-no\">\n\t\t\t\t\t<div class=\"elementor-column elementor-col-100 elementor-top-column elementor-element elementor-element-1af3ef76\" data-id=\"1af3ef76\" data-element_type=\"column\" data-e-type=\"column\">\n\t\t\t<div class=\"elementor-widget-wrap elementor-element-populated\">\n\t\t\t\t\t\t<div class=\"elementor-element elementor-element-5f85352 elementor-widget elementor-widget-spacer\" data-id=\"5f85352\" data-element_type=\"widget\" data-e-type=\"widget\" data-widget_type=\"spacer.default\">\n\t\t\t\t<div class=\"elementor-widget-container\">\n\t\t\t\t\t\t\t<div class=\"elementor-spacer\">\n\t\t\t<div class=\"elementor-spacer-inner\"><\/div>\n\t\t<\/div>\n\t\t\t\t\t\t<\/div>\n\t\t\t\t<\/div>\n\t\t\t\t<div class=\"elementor-element elementor-element-222494d6 elementor-widget elementor-widget-menu-anchor\" data-id=\"222494d6\" data-element_type=\"widget\" data-e-type=\"widget\" data-widget_type=\"menu-anchor.default\">\n\t\t\t\t<div class=\"elementor-widget-container\">\n\t\t\t\t\t\t\t<div class=\"elementor-menu-anchor\" id=\"contact\"><\/div>\n\t\t\t\t\t\t<\/div>\n\t\t\t\t<\/div>\n\t\t\t\t<div class=\"elementor-element elementor-element-9ae2678 elementor-invisible elementor-widget elementor-widget-heading\" data-id=\"9ae2678\" data-element_type=\"widget\" data-e-type=\"widget\" data-settings=\"{&quot;_animation&quot;:&quot;bounce&quot;}\" data-widget_type=\"heading.default\">\n\t\t\t\t<div class=\"elementor-widget-container\">\n\t\t\t\t\t<h2 class=\"elementor-heading-title elementor-size-default\"><span style=\"font-size:4rem\">Hablemos<\/span><br><small>\u00a1Estamos a un clic de distancia!<\/small><\/h2>\t\t\t\t<\/div>\n\t\t\t\t<\/div>\n\t\t\t\t\t<\/div>\n\t\t<\/div>\n\t\t\t\t\t<\/div>\n\t\t<\/section>\n\t\t\t\t<section class=\"elementor-section elementor-top-section elementor-element elementor-element-7307c0e elementor-section-boxed elementor-section-height-default elementor-section-height-default\" data-id=\"7307c0e\" data-element_type=\"section\" data-e-type=\"section\" data-settings=\"{&quot;background_background&quot;:&quot;classic&quot;}\">\n\t\t\t\t\t\t<div class=\"elementor-container elementor-column-gap-default\">\n\t\t\t\t\t<div class=\"elementor-column elementor-col-100 elementor-top-column elementor-element elementor-element-fd02641\" data-id=\"fd02641\" data-element_type=\"column\" data-e-type=\"column\">\n\t\t\t<div class=\"elementor-widget-wrap elementor-element-populated\">\n\t\t\t\t\t\t<div class=\"elementor-element elementor-element-30b9177 elementor-widget elementor-widget-themo-formidable-form\" data-id=\"30b9177\" data-element_type=\"widget\" data-e-type=\"widget\" data-widget_type=\"themo-formidable-form.default\">\n\t\t\t\t<div class=\"elementor-widget-container\">\n\t\t\t\t\t            <div class=\"th-fo-form  th-centered th-form-stacked  th-btn-form btn-ghost-primary-form\"><div class=\"frm_forms  with_frm_style frm_style_formidable-style\" id=\"frm_form_3_container\" >\n<form enctype=\"multipart\/form-data\" method=\"post\" class=\"frm-show-form  frm_js_validate \" id=\"form_contact3\" >\n<div class=\"frm_form_fields \">\n<fieldset>\n\r\n<div class=\"frm_fields_container\">\n<input type=\"hidden\" name=\"frm_action\" value=\"create\" \/>\n<input type=\"hidden\" name=\"form_id\" value=\"3\" \/>\n<input type=\"hidden\" name=\"frm_hide_fields_3\" id=\"frm_hide_fields_3\" value=\"\" \/>\n<input type=\"hidden\" name=\"form_key\" value=\"contact3\" \/>\n<input type=\"hidden\" name=\"item_meta[0]\" value=\"\" \/>\n<input type=\"hidden\" id=\"frm_submit_entry_3\" name=\"frm_submit_entry_3\" value=\"0cbd153662\" \/><input type=\"hidden\" name=\"_wp_http_referer\" value=\"\/en\/wp-json\/wp\/v2\/pages\/807\" \/><div id=\"frm_field_9_container\" class=\"frm_form_field form-field  frm_required_field frm_none_container frm_full\">\r\n    <label for=\"field_xipbjr3\" class=\"frm_primary_label\">Nombre y Apellido\r\n        <span class=\"frm_required\">*<\/span>\r\n    <\/label>\r\n    <input type=\"text\" id=\"field_xipbjr3\" name=\"item_meta[9]\" value=\"\"  placeholder=\"Nombre y Apellido\" data-reqmsg=\"No puede estar vacio.\" aria-required=\"true\" data-invmsg=\"Name no es v\u00e1lido\" aria-invalid=\"false\"  \/>\r\n    \r\n    \r\n<\/div>\n<div id=\"frm_field_10_container\" class=\"frm_form_field form-field  frm_required_field frm_none_container frm_full\">\r\n    <label for=\"field_jaehy83\" class=\"frm_primary_label\">Correo\r\n        <span class=\"frm_required\">*<\/span>\r\n    <\/label>\r\n    <input type=\"text\" id=\"field_jaehy83\" name=\"item_meta[10]\" value=\"\"  placeholder=\"Correo\" data-reqmsg=\"Correo cannot be blank.\" aria-required=\"true\" data-invmsg=\"Email no es v\u00e1lido\" aria-invalid=\"false\"  \/>\r\n    \r\n    \r\n<\/div>\n<div id=\"frm_field_11_container\" class=\"frm_form_field form-field  frm_required_field frm_none_container frm_full\">\r\n    <label for=\"field_cqpguu3\" class=\"frm_primary_label\">Tel\u00e9fono (whatsapp)\r\n        <span class=\"frm_required\">*<\/span>\r\n    <\/label>\r\n    <input type=\"text\" id=\"field_cqpguu3\" name=\"item_meta[11]\" value=\"\"  placeholder=\"Tel\u00e9fono (whatsapp)\" data-reqmsg=\"Tel\u00e9fono (whatsapp) cannot be blank.\" aria-required=\"true\" data-invmsg=\"Phone no es v\u00e1lido\" aria-invalid=\"false\"  \/>\r\n    \r\n    \r\n<\/div>\n<div id=\"frm_field_64_container\" class=\"frm_form_field form-field  frm_required_field frm_none_container\">\r\n    <label for=\"field_un0ww\" id=\"field_un0ww_label\" class=\"frm_primary_label\">Cantidad de personas\r\n        <span class=\"frm_required\" aria-hidden=\"true\">*<\/span>\r\n    <\/label>\r\n    <input type=\"number\" id=\"field_un0ww\" name=\"item_meta[64]\" value=\"\"  placeholder=\"Cantidad de personas\" data-reqmsg=\"Este campo no puede estar en blanco.\" aria-required=\"true\" data-invmsg=\"N\u00famero no es v\u00e1lido\" aria-invalid=\"false\"   min=\"0\" max=\"9999999\" step=\"any\"\/>\r\n    \r\n    \r\n<\/div>\n<div id=\"frm_field_13_container\" class=\"frm_form_field form-field  frm_required_field frm_none_container frm_full\">\r\n    <label for=\"field_kggkvh3\" class=\"frm_primary_label\">Mensaje adicional\r\n        <span class=\"frm_required\">*<\/span>\r\n    <\/label>\r\n    <textarea name=\"item_meta[13]\" id=\"field_kggkvh3\" rows=\"5\"  placeholder=\"Mensaje adicional\" data-reqmsg=\"Mensaje adicional cannot be blank.\" aria-required=\"true\" data-invmsg=\"Mensaje adicional is invalid\" aria-invalid=\"false\"  ><\/textarea>\r\n    \r\n    \r\n<\/div>\n<div id=\"frm_field_67_container\" class=\"frm_form_field form-field  frm_none_container\">\r\n    <label for=\"g-recaptcha-response\" id=\"field_ip0ss_label\" class=\"frm_primary_label\">\r\n        <span class=\"frm_required\" aria-hidden=\"true\"><\/span>\r\n    <\/label>\r\n    <div  id=\"field_ip0ss\" class=\"frm-g-recaptcha\" data-sitekey=\"6LdNSX4qAAAAAHNHV8RE5gO6M_RuU4M3Wuwkx1mC\" data-size=\"normal\" data-theme=\"light\"><\/div>\r\n    \r\n    \r\n<\/div>\n<div id=\"frm_field_69_container\" class=\"frm_form_field form-field \">\r\n\t<div class=\"frm_submit\">\r\n\r\n<input type=\"submit\" value=\"Enviar\"  \/>\r\n<img decoding=\"async\" class=\"frm_ajax_loading\" src=\"https:\/\/chaparriexpeditions.com\/wp-content\/plugins\/formidable\/images\/ajax_loader.gif\" alt=\"Sending\" style=\"visibility:hidden;\" \/>\r\n\r\n<\/div>\r\n<\/div>\n\t<input type=\"hidden\" name=\"item_key\" value=\"\" \/>\n\t\t\t<div id=\"frm_field_92_container\">\n\t\t\t<label for=\"field_kha2n\" >\n\t\t\t\tIf you are human, leave this field blank.\t\t\t<\/label>\n\t\t\t<input  id=\"field_kha2n\" type=\"text\" class=\"frm_form_field form-field frm_verify\" name=\"item_meta[92]\" value=\"\"  \/>\n\t\t<\/div>\n\t\t<input name=\"frm_state\" type=\"hidden\" value=\"ZkBVkUMbjJ+sXQzcOy\/mUHNCbnp0YFPnhVOGRDxs3Ms=\" \/><\/div>\n<\/fieldset>\n<\/div>\n\n<\/form>\n<\/div>\n<\/div>\n            \t\t\t\t<\/div>\n\t\t\t\t<\/div>\n\t\t\t\t<div class=\"elementor-element elementor-element-75fb603 elementor-widget elementor-widget-spacer\" data-id=\"75fb603\" data-element_type=\"widget\" data-e-type=\"widget\" data-widget_type=\"spacer.default\">\n\t\t\t\t<div class=\"elementor-widget-container\">\n\t\t\t\t\t\t\t<div class=\"elementor-spacer\">\n\t\t\t<div class=\"elementor-spacer-inner\"><\/div>\n\t\t<\/div>\n\t\t\t\t\t\t<\/div>\n\t\t\t\t<\/div>\n\t\t\t\t\t<\/div>\n\t\t<\/div>\n\t\t\t\t\t<\/div>\n\t\t<\/section>\n\t\t\t\t<section class=\"elementor-section elementor-top-section elementor-element elementor-element-190d221 elementor-section-boxed elementor-section-height-default elementor-section-height-default\" data-id=\"190d221\" data-element_type=\"section\" data-e-type=\"section\">\n\t\t\t\t\t\t<div class=\"elementor-container elementor-column-gap-default\">\n\t\t\t\t\t<div class=\"elementor-column elementor-col-100 elementor-top-column elementor-element elementor-element-75000a6\" data-id=\"75000a6\" data-element_type=\"column\" data-e-type=\"column\">\n\t\t\t<div class=\"elementor-widget-wrap elementor-element-populated\">\n\t\t\t\t\t\t<div class=\"elementor-element elementor-element-a01f3f4 elementor-widget elementor-widget-heading\" data-id=\"a01f3f4\" data-element_type=\"widget\" data-e-type=\"widget\" data-widget_type=\"heading.default\">\n\t\t\t\t<div class=\"elementor-widget-container\">\n\t\t\t\t\t<h2 class=\"elementor-heading-title elementor-size-large\">\u00bfC\u00f3mo llegar a Chaparr\u00ed?<\/h2>\t\t\t\t<\/div>\n\t\t\t\t<\/div>\n\t\t\t\t<div class=\"elementor-element elementor-element-8ec0c5a elementor-widget elementor-widget-heading\" data-id=\"8ec0c5a\" data-element_type=\"widget\" data-e-type=\"widget\" data-widget_type=\"heading.default\">\n\t\t\t\t<div class=\"elementor-widget-container\">\n\t\t\t\t\t<h4 class=\"elementor-heading-title elementor-size-small\">Si deseas venir por tu cuenta la primera parada que debes realizar para adquirir tu entrada a la reserva es en la oficina de ACOTURCH <br>(Asociaci\u00f3n para la Conservaci\u00f3n de la Naturaleza y Turismo Sostenible Chaparr\u00ed).  <br>\nAc\u00e1 te dejamos su ubicaci\u00f3n : <br><br><span style=\"font-weight: 700\">Tel\u00e9fono de contacto :  978836377 <\/span><\/h4>\t\t\t\t<\/div>\n\t\t\t\t<\/div>\n\t\t\t\t<div class=\"elementor-element elementor-element-c92d666 elementor-widget elementor-widget-html\" data-id=\"c92d666\" data-element_type=\"widget\" data-e-type=\"widget\" data-widget_type=\"html.default\">\n\t\t\t\t<div class=\"elementor-widget-container\">\n\t\t\t\t\t<iframe src=\"https:\/\/www.google.com\/maps\/embed?pb=!1m18!1m12!1m3!1d3963.1643958063337!2d-79.41335888522873!3d-6.6264926952082375!2m3!1f0!2f0!3f0!3m2!1i1024!2i768!4f13.1!3m3!1m2!1s0x904cb54267bd2341%3A0xa971e86c604eeb37!2sAsociaci%C3%B3n%20gu%C3%ADas%20Chaparr%C3%AD(ACOTURCH)!5e0!3m2!1ses-419!2spe!4v1626288880017!5m2!1ses-419!2spe\" width=\"1200\" height=\"475\" style=\"border:0;\" allowfullscreen=\"\" loading=\"lazy\"><\/iframe>\t\t\t\t<\/div>\n\t\t\t\t<\/div>\n\t\t\t\t\t<\/div>\n\t\t<\/div>\n\t\t\t\t\t<\/div>\n\t\t<\/section>\n\t\t\t\t<\/div>\n\t\t","protected":false},"excerpt":{"rendered":"<p>Chaparr\u00ed nos espera Lunes a Domingo. 8:00am-5:30pm \u00a1Todos los d\u00edas del a\u00f1o! Cont\u00e1ctanos al +51 984 676 249. Hablemos \u00a1Estamos a un clic de distancia! Nombre y Apellido * Correo * Tel\u00e9fono (whatsapp) * Cantidad de personas Cantidad de noches &hellip; <a href=\"https:\/\/chaparriexpeditions.com\/en\/hablemos\/\">Read More<\/a><\/p>","protected":false},"author":4,"featured_media":0,"parent":0,"menu_order":0,"comment_status":"closed","ping_status":"closed","template":"","meta":{"footnotes":""},"class_list":["post-807","page","type-page","status-publish","hentry"],"yoast_head":"<!-- This site is optimized with the Yoast SEO plugin v27.4 - https:\/\/yoast.com\/product\/yoast-seo-wordpress\/ -->\n<title>Horario de atenci\u00f3n y tel\u00e9fono de Chaparr\u00ed Expeditions<\/title>\n<meta name=\"description\" content=\"\u00bfConsultas? Encuentra el correo y tel\u00e9fono de Chaparr\u00ed Expeditions, y cont\u00e1ctate con nosotros para planificar tu visita a la reserva.\" \/>\n<meta name=\"robots\" content=\"index, follow, max-snippet:-1, max-image-preview:large, max-video-preview:-1\" \/>\n<link rel=\"canonical\" href=\"https:\/\/chaparriexpeditions.com\/en\/hablemos\/\" \/>\n<meta property=\"og:locale\" content=\"en_US\" \/>\n<meta property=\"og:type\" content=\"article\" \/>\n<meta property=\"og:title\" content=\"Horario de atenci\u00f3n y tel\u00e9fono de Chaparr\u00ed Expeditions\" \/>\n<meta property=\"og:description\" content=\"\u00bfConsultas? Encuentra el correo y tel\u00e9fono de Chaparr\u00ed Expeditions, y cont\u00e1ctate con nosotros para planificar tu visita a la reserva.\" \/>\n<meta property=\"og:url\" content=\"https:\/\/chaparriexpeditions.com\/en\/hablemos\/\" \/>\n<meta property=\"og:site_name\" content=\"Chaparri Expeditions\" \/>\n<meta property=\"article:publisher\" content=\"https:\/\/www.facebook.com\/chaparri.expeditions\/\" \/>\n<meta property=\"article:modified_time\" content=\"2023-01-27T01:14:03+00:00\" \/>\n<meta property=\"og:image\" content=\"https:\/\/chaparriexpeditions.com\/wp-content\/plugins\/formidable\/images\/ajax_loader.gif\" \/>\n<meta name=\"twitter:card\" content=\"summary_large_image\" \/>\n<meta name=\"twitter:label1\" content=\"Est. reading time\" \/>\n\t<meta name=\"twitter:data1\" content=\"1 minute\" \/>\n<script type=\"application\/ld+json\" class=\"yoast-schema-graph\">{\"@context\":\"https:\\\/\\\/schema.org\",\"@graph\":[{\"@type\":\"WebPage\",\"@id\":\"https:\\\/\\\/chaparriexpeditions.com\\\/hablemos\\\/\",\"url\":\"https:\\\/\\\/chaparriexpeditions.com\\\/hablemos\\\/\",\"name\":\"Horario de atenci\u00f3n y tel\u00e9fono de Chaparr\u00ed Expeditions\",\"isPartOf\":{\"@id\":\"https:\\\/\\\/chaparriexpeditions.com\\\/en\\\/#website\"},\"primaryImageOfPage\":{\"@id\":\"https:\\\/\\\/chaparriexpeditions.com\\\/hablemos\\\/#primaryimage\"},\"image\":{\"@id\":\"https:\\\/\\\/chaparriexpeditions.com\\\/hablemos\\\/#primaryimage\"},\"thumbnailUrl\":\"https:\\\/\\\/chaparriexpeditions.com\\\/wp-content\\\/plugins\\\/formidable\\\/images\\\/ajax_loader.gif\",\"datePublished\":\"2021-03-10T18:26:42+00:00\",\"dateModified\":\"2023-01-27T01:14:03+00:00\",\"description\":\"\u00bfConsultas? Encuentra el correo y tel\u00e9fono de Chaparr\u00ed Expeditions, y cont\u00e1ctate con nosotros para planificar tu visita a la reserva.\",\"breadcrumb\":{\"@id\":\"https:\\\/\\\/chaparriexpeditions.com\\\/hablemos\\\/#breadcrumb\"},\"inLanguage\":\"en-US\",\"potentialAction\":[{\"@type\":\"ReadAction\",\"target\":[\"https:\\\/\\\/chaparriexpeditions.com\\\/hablemos\\\/\"]}]},{\"@type\":\"ImageObject\",\"inLanguage\":\"en-US\",\"@id\":\"https:\\\/\\\/chaparriexpeditions.com\\\/hablemos\\\/#primaryimage\",\"url\":\"https:\\\/\\\/chaparriexpeditions.com\\\/wp-content\\\/plugins\\\/formidable\\\/images\\\/ajax_loader.gif\",\"contentUrl\":\"https:\\\/\\\/chaparriexpeditions.com\\\/wp-content\\\/plugins\\\/formidable\\\/images\\\/ajax_loader.gif\"},{\"@type\":\"BreadcrumbList\",\"@id\":\"https:\\\/\\\/chaparriexpeditions.com\\\/hablemos\\\/#breadcrumb\",\"itemListElement\":[{\"@type\":\"ListItem\",\"position\":1,\"name\":\"Home\",\"item\":\"https:\\\/\\\/chaparriexpeditions.com\\\/\"},{\"@type\":\"ListItem\",\"position\":2,\"name\":\"Hablemos\"}]},{\"@type\":\"WebSite\",\"@id\":\"https:\\\/\\\/chaparriexpeditions.com\\\/en\\\/#website\",\"url\":\"https:\\\/\\\/chaparriexpeditions.com\\\/en\\\/\",\"name\":\"Chaparr\u00ed Expeditions\",\"description\":\"Chaparri Expeditions\",\"publisher\":{\"@id\":\"https:\\\/\\\/chaparriexpeditions.com\\\/en\\\/#organization\"},\"potentialAction\":[{\"@type\":\"SearchAction\",\"target\":{\"@type\":\"EntryPoint\",\"urlTemplate\":\"https:\\\/\\\/chaparriexpeditions.com\\\/en\\\/?s={search_term_string}\"},\"query-input\":{\"@type\":\"PropertyValueSpecification\",\"valueRequired\":true,\"valueName\":\"search_term_string\"}}],\"inLanguage\":\"en-US\"},{\"@type\":\"Organization\",\"@id\":\"https:\\\/\\\/chaparriexpeditions.com\\\/en\\\/#organization\",\"name\":\"Chaparr\u00ed Expeditions\",\"url\":\"https:\\\/\\\/chaparriexpeditions.com\\\/en\\\/\",\"logo\":{\"@type\":\"ImageObject\",\"inLanguage\":\"en-US\",\"@id\":\"https:\\\/\\\/chaparriexpeditions.com\\\/en\\\/#\\\/schema\\\/logo\\\/image\\\/\",\"url\":\"https:\\\/\\\/chaparriexpeditions.com\\\/wp-content\\\/uploads\\\/2021\\\/06\\\/cropped-LogoHome-02.png\",\"contentUrl\":\"https:\\\/\\\/chaparriexpeditions.com\\\/wp-content\\\/uploads\\\/2021\\\/06\\\/cropped-LogoHome-02.png\",\"width\":537,\"height\":358,\"caption\":\"Chaparr\u00ed Expeditions\"},\"image\":{\"@id\":\"https:\\\/\\\/chaparriexpeditions.com\\\/en\\\/#\\\/schema\\\/logo\\\/image\\\/\"},\"sameAs\":[\"https:\\\/\\\/www.facebook.com\\\/chaparri.expeditions\\\/\",\"https:\\\/\\\/www.instagram.com\\\/chaparriexpeditions\\\/\"]}]}<\/script>\n<!-- \/ Yoast SEO plugin. -->","yoast_head_json":{"title":"Horario de atenci\u00f3n y tel\u00e9fono de Chaparr\u00ed Expeditions","description":"\u00bfConsultas? Encuentra el correo y tel\u00e9fono de Chaparr\u00ed Expeditions, y cont\u00e1ctate con nosotros para planificar tu visita a la reserva.","robots":{"index":"index","follow":"follow","max-snippet":"max-snippet:-1","max-image-preview":"max-image-preview:large","max-video-preview":"max-video-preview:-1"},"canonical":"https:\/\/chaparriexpeditions.com\/en\/hablemos\/","og_locale":"en_US","og_type":"article","og_title":"Horario de atenci\u00f3n y tel\u00e9fono de Chaparr\u00ed Expeditions","og_description":"\u00bfConsultas? Encuentra el correo y tel\u00e9fono de Chaparr\u00ed Expeditions, y cont\u00e1ctate con nosotros para planificar tu visita a la reserva.","og_url":"https:\/\/chaparriexpeditions.com\/en\/hablemos\/","og_site_name":"Chaparri Expeditions","article_publisher":"https:\/\/www.facebook.com\/chaparri.expeditions\/","article_modified_time":"2023-01-27T01:14:03+00:00","og_image":[{"url":"https:\/\/chaparriexpeditions.com\/wp-content\/plugins\/formidable\/images\/ajax_loader.gif","type":"","width":"","height":""}],"twitter_card":"summary_large_image","twitter_misc":{"Est. reading time":"1 minute"},"schema":{"@context":"https:\/\/schema.org","@graph":[{"@type":"WebPage","@id":"https:\/\/chaparriexpeditions.com\/hablemos\/","url":"https:\/\/chaparriexpeditions.com\/hablemos\/","name":"Horario de atenci\u00f3n y tel\u00e9fono de Chaparr\u00ed Expeditions","isPartOf":{"@id":"https:\/\/chaparriexpeditions.com\/en\/#website"},"primaryImageOfPage":{"@id":"https:\/\/chaparriexpeditions.com\/hablemos\/#primaryimage"},"image":{"@id":"https:\/\/chaparriexpeditions.com\/hablemos\/#primaryimage"},"thumbnailUrl":"https:\/\/chaparriexpeditions.com\/wp-content\/plugins\/formidable\/images\/ajax_loader.gif","datePublished":"2021-03-10T18:26:42+00:00","dateModified":"2023-01-27T01:14:03+00:00","description":"\u00bfConsultas? Encuentra el correo y tel\u00e9fono de Chaparr\u00ed Expeditions, y cont\u00e1ctate con nosotros para planificar tu visita a la reserva.","breadcrumb":{"@id":"https:\/\/chaparriexpeditions.com\/hablemos\/#breadcrumb"},"inLanguage":"en-US","potentialAction":[{"@type":"ReadAction","target":["https:\/\/chaparriexpeditions.com\/hablemos\/"]}]},{"@type":"ImageObject","inLanguage":"en-US","@id":"https:\/\/chaparriexpeditions.com\/hablemos\/#primaryimage","url":"https:\/\/chaparriexpeditions.com\/wp-content\/plugins\/formidable\/images\/ajax_loader.gif","contentUrl":"https:\/\/chaparriexpeditions.com\/wp-content\/plugins\/formidable\/images\/ajax_loader.gif"},{"@type":"BreadcrumbList","@id":"https:\/\/chaparriexpeditions.com\/hablemos\/#breadcrumb","itemListElement":[{"@type":"ListItem","position":1,"name":"Home","item":"https:\/\/chaparriexpeditions.com\/"},{"@type":"ListItem","position":2,"name":"Hablemos"}]},{"@type":"WebSite","@id":"https:\/\/chaparriexpeditions.com\/en\/#website","url":"https:\/\/chaparriexpeditions.com\/en\/","name":"Chaparr\u00ed Expeditions","description":"Chaparri Expeditions","publisher":{"@id":"https:\/\/chaparriexpeditions.com\/en\/#organization"},"potentialAction":[{"@type":"SearchAction","target":{"@type":"EntryPoint","urlTemplate":"https:\/\/chaparriexpeditions.com\/en\/?s={search_term_string}"},"query-input":{"@type":"PropertyValueSpecification","valueRequired":true,"valueName":"search_term_string"}}],"inLanguage":"en-US"},{"@type":"Organization","@id":"https:\/\/chaparriexpeditions.com\/en\/#organization","name":"Chaparr\u00ed Expeditions","url":"https:\/\/chaparriexpeditions.com\/en\/","logo":{"@type":"ImageObject","inLanguage":"en-US","@id":"https:\/\/chaparriexpeditions.com\/en\/#\/schema\/logo\/image\/","url":"https:\/\/chaparriexpeditions.com\/wp-content\/uploads\/2021\/06\/cropped-LogoHome-02.png","contentUrl":"https:\/\/chaparriexpeditions.com\/wp-content\/uploads\/2021\/06\/cropped-LogoHome-02.png","width":537,"height":358,"caption":"Chaparr\u00ed Expeditions"},"image":{"@id":"https:\/\/chaparriexpeditions.com\/en\/#\/schema\/logo\/image\/"},"sameAs":["https:\/\/www.facebook.com\/chaparri.expeditions\/","https:\/\/www.instagram.com\/chaparriexpeditions\/"]}]}},"_links":{"self":[{"href":"https:\/\/chaparriexpeditions.com\/en\/wp-json\/wp\/v2\/pages\/807","targetHints":{"allow":["GET"]}}],"collection":[{"href":"https:\/\/chaparriexpeditions.com\/en\/wp-json\/wp\/v2\/pages"}],"about":[{"href":"https:\/\/chaparriexpeditions.com\/en\/wp-json\/wp\/v2\/types\/page"}],"author":[{"embeddable":true,"href":"https:\/\/chaparriexpeditions.com\/en\/wp-json\/wp\/v2\/users\/4"}],"replies":[{"embeddable":true,"href":"https:\/\/chaparriexpeditions.com\/en\/wp-json\/wp\/v2\/comments?post=807"}],"version-history":[{"count":0,"href":"https:\/\/chaparriexpeditions.com\/en\/wp-json\/wp\/v2\/pages\/807\/revisions"}],"wp:attachment":[{"href":"https:\/\/chaparriexpeditions.com\/en\/wp-json\/wp\/v2\/media?parent=807"}],"curies":[{"name":"wp","href":"https:\/\/api.w.org\/{rel}","templated":true}]}}