{"id":1627,"date":"2021-05-17T20:39:58","date_gmt":"2021-05-18T01:39:58","guid":{"rendered":"https:\/\/chaparriexpeditions.com\/?post_type=product&#038;p=1627"},"modified":"2024-12-08T17:41:45","modified_gmt":"2024-12-08T22:41:45","slug":"excursion","status":"publish","type":"product","link":"https:\/\/chaparriexpeditions.com\/en\/reservar\/excursion\/","title":{"rendered":"Excursion of the day"},"content":{"rendered":"","protected":false},"excerpt":{"rendered":"<p>\u00a1Organizamos tu excursi\u00f3n o te sumamos a la pr\u00f3xima!<br \/>\nEscr\u00edbenos al <span class=\"linkwa\"><strong><a href=\"https:\/\/api.whatsapp.com\/send?phone=51984676249\" target=\"_blank\" rel=\"noopener\">WhatsApp +51 984-676-249<\/a><\/strong><\/span>, al correo <a href=\"mailto:reservas@chaparriexpeditions.com\">reservas@chaparriexpeditions.com<\/a> o mediante el siguiente formulario:<\/p>\n<div class=\"frm_forms  with_frm_style frm_style_formidable-style\" id=\"frm_form_3_container\" >\n<form enctype=\"multipart\/form-data\" method=\"post\" class=\"frm-show-form  frm_js_validate \" id=\"form_contact3\" >\n<div class=\"frm_form_fields \">\n<fieldset>\n<div class=\"frm_fields_container\"><input type=\"hidden\" name=\"frm_action\" value=\"create\" \/><input type=\"hidden\" name=\"form_id\" value=\"3\" \/><input type=\"hidden\" name=\"frm_hide_fields_3\" id=\"frm_hide_fields_3\" value=\"\" \/><input type=\"hidden\" name=\"form_key\" value=\"contact3\" \/><input type=\"hidden\" name=\"item_meta[0]\" value=\"\" \/><input type=\"hidden\" id=\"frm_submit_entry_3\" name=\"frm_submit_entry_3\" value=\"ca8e7b9daf\" \/><input type=\"hidden\" name=\"_wp_http_referer\" value=\"\/en\/wp-json\/wp\/v2\/product\/1627\" \/><\/p>\n<div id=\"frm_field_9_container\" class=\"frm_form_field form-field  frm_required_field frm_none_container frm_full\"><label for=\"field_xipbjr3\" class=\"frm_primary_label\">Nombre y Apellido<span class=\"frm_required\">*<\/span><\/label><input type=\"text\" id=\"field_xipbjr3\" name=\"item_meta[9]\" value=\"\"  placeholder=\"Nombre y Apellido\" data-reqmsg=\"No puede estar vacio.\" aria-required=\"true\" data-invmsg=\"Name no es v\u00e1lido\" aria-invalid=\"false\"  \/><\/div>\n<div id=\"frm_field_10_container\" class=\"frm_form_field form-field  frm_required_field frm_none_container frm_full\"><label for=\"field_jaehy83\" class=\"frm_primary_label\">Correo<span class=\"frm_required\">*<\/span><\/label><input type=\"text\" id=\"field_jaehy83\" name=\"item_meta[10]\" value=\"\"  placeholder=\"Correo\" data-reqmsg=\"Correo cannot be blank.\" aria-required=\"true\" data-invmsg=\"Email no es v\u00e1lido\" aria-invalid=\"false\"  \/><\/div>\n<div id=\"frm_field_11_container\" class=\"frm_form_field form-field  frm_required_field frm_none_container frm_full\"><label for=\"field_cqpguu3\" class=\"frm_primary_label\">Tel\u00e9fono (whatsapp)<span class=\"frm_required\">*<\/span><\/label><input type=\"text\" id=\"field_cqpguu3\" name=\"item_meta[11]\" value=\"\"  placeholder=\"Tel\u00e9fono (whatsapp)\" data-reqmsg=\"Tel\u00e9fono (whatsapp) cannot be blank.\" aria-required=\"true\" data-invmsg=\"Phone no es v\u00e1lido\" aria-invalid=\"false\"  \/><\/div>\n<div id=\"frm_field_64_container\" class=\"frm_form_field form-field  frm_required_field frm_none_container\"><label for=\"field_un0ww\" id=\"field_un0ww_label\" class=\"frm_primary_label\">Cantidad de personas<span class=\"frm_required\" aria-hidden=\"true\">*<\/span><\/label><input type=\"number\" id=\"field_un0ww\" name=\"item_meta[64]\" value=\"\"  placeholder=\"Cantidad de personas\" data-reqmsg=\"Este campo no puede estar en blanco.\" aria-required=\"true\" data-invmsg=\"N\u00famero no es v\u00e1lido\" aria-invalid=\"false\"   min=\"0\" max=\"9999999\" step=\"any\"\/><\/div>\n<div id=\"frm_field_13_container\" class=\"frm_form_field form-field  frm_required_field frm_none_container frm_full\"><label for=\"field_kggkvh3\" class=\"frm_primary_label\">Mensaje adicional<span class=\"frm_required\">*<\/span><\/label><textarea name=\"item_meta[13]\" id=\"field_kggkvh3\" rows=\"5\"  placeholder=\"Mensaje adicional\" data-reqmsg=\"Mensaje adicional cannot be blank.\" aria-required=\"true\" data-invmsg=\"Mensaje adicional is invalid\" aria-invalid=\"false\"  ><\/textarea><\/div>\n<div id=\"frm_field_67_container\" class=\"frm_form_field form-field  frm_none_container\"><label for=\"g-recaptcha-response\" id=\"field_ip0ss_label\" class=\"frm_primary_label\"><span class=\"frm_required\" aria-hidden=\"true\"><\/span><\/label><\/p>\n<div  id=\"field_ip0ss\" class=\"frm-g-recaptcha\" data-sitekey=\"6LdNSX4qAAAAAHNHV8RE5gO6M_RuU4M3Wuwkx1mC\" data-size=\"normal\" data-theme=\"light\"><\/div>\n<\/div>\n<div id=\"frm_field_69_container\" class=\"frm_form_field form-field \">\n<div class=\"frm_submit\"><input type=\"submit\" value=\"Enviar\"  \/><img decoding=\"async\" class=\"frm_ajax_loading\" src=\"https:\/\/chaparriexpeditions.com\/wp-content\/plugins\/formidable\/images\/ajax_loader.gif\" alt=\"Sending\" style=\"visibility:hidden;\" \/><\/div>\n<\/div>\n<p><input type=\"hidden\" name=\"item_key\" value=\"\" \/><\/p>\n<div id=\"frm_field_92_container\"><label for=\"field_qxdqv\" >If you are human, leave this field blank.<\/label><input  id=\"field_qxdqv\" type=\"text\" class=\"frm_form_field form-field frm_verify\" name=\"item_meta[92]\" value=\"\"  \/><\/div>\n<p><input name=\"frm_state\" type=\"hidden\" value=\"ZkBVkUMbjJ+sXQzcOy\/mUHNCbnp0YFPnhVOGRDxs3Ms=\" \/><\/div>\n<\/fieldset>\n<\/div>\n<\/form>\n<\/div>\n<p> &hellip; <a href=\"https:\/\/chaparriexpeditions.com\/en\/reservar\/excursion\/\">Read More<\/a><\/p>\n","protected":false},"featured_media":444,"template":"","meta":[],"product_brand":[],"product_cat":[39],"product_tag":[],"class_list":{"0":"post-1627","1":"product","2":"type-product","3":"status-publish","4":"has-post-thumbnail","6":"product_cat-tours","8":"first","9":"instock","10":"taxable","11":"shipping-taxable","12":"product-type-simple"},"yoast_head":"<!-- This site is optimized with the Yoast SEO plugin v27.4 - https:\/\/yoast.com\/product\/yoast-seo-wordpress\/ -->\n<title>Excursi\u00f3n del d\u00eda - Chaparri Expeditions<\/title>\n<meta name=\"robots\" content=\"index, follow, max-snippet:-1, max-image-preview:large, max-video-preview:-1\" \/>\n<link rel=\"canonical\" href=\"https:\/\/chaparriexpeditions.com\/en\/reservar\/excursion\/\" \/>\n<meta property=\"og:locale\" content=\"en_US\" \/>\n<meta property=\"og:type\" content=\"article\" \/>\n<meta property=\"og:title\" content=\"Excursi\u00f3n del d\u00eda - Chaparri Expeditions\" \/>\n<meta property=\"og:description\" content=\"\u00a1Organizamos tu excursi\u00f3n o te sumamos a la pr\u00f3xima! Escr\u00edbenos al WhatsApp +51 984-676-249, al correo reservas@chaparriexpeditions.com o mediante el siguiente formulario:  &hellip; Read More\" \/>\n<meta property=\"og:url\" content=\"https:\/\/chaparriexpeditions.com\/en\/reservar\/excursion\/\" \/>\n<meta property=\"og:site_name\" content=\"Chaparri Expeditions\" \/>\n<meta property=\"article:publisher\" content=\"https:\/\/www.facebook.com\/chaparri.expeditions\/\" \/>\n<meta property=\"article:modified_time\" content=\"2024-12-08T22:41:45+00:00\" \/>\n<meta property=\"og:image\" content=\"https:\/\/chaparriexpeditions.com\/wp-content\/uploads\/2017\/07\/9.jpg\" \/>\n\t<meta property=\"og:image:width\" content=\"605\" \/>\n\t<meta property=\"og:image:height\" content=\"605\" \/>\n\t<meta property=\"og:image:type\" content=\"image\/jpeg\" \/>\n<meta name=\"twitter:card\" content=\"summary_large_image\" \/>\n<meta name=\"twitter:label1\" content=\"Est. reading time\" \/>\n\t<meta name=\"twitter:data1\" content=\"1 minute\" \/>\n<script type=\"application\/ld+json\" class=\"yoast-schema-graph\">{\"@context\":\"https:\\\/\\\/schema.org\",\"@graph\":[{\"@type\":\"WebPage\",\"@id\":\"https:\\\/\\\/chaparriexpeditions.com\\\/reservar\\\/excursion\\\/\",\"url\":\"https:\\\/\\\/chaparriexpeditions.com\\\/reservar\\\/excursion\\\/\",\"name\":\"Excursi\u00f3n del d\u00eda - Chaparri Expeditions\",\"isPartOf\":{\"@id\":\"https:\\\/\\\/chaparriexpeditions.com\\\/en\\\/#website\"},\"primaryImageOfPage\":{\"@id\":\"https:\\\/\\\/chaparriexpeditions.com\\\/reservar\\\/excursion\\\/#primaryimage\"},\"image\":{\"@id\":\"https:\\\/\\\/chaparriexpeditions.com\\\/reservar\\\/excursion\\\/#primaryimage\"},\"thumbnailUrl\":\"https:\\\/\\\/chaparriexpeditions.com\\\/wp-content\\\/uploads\\\/2017\\\/07\\\/9.jpg\",\"datePublished\":\"2021-05-18T01:39:58+00:00\",\"dateModified\":\"2024-12-08T22:41:45+00:00\",\"breadcrumb\":{\"@id\":\"https:\\\/\\\/chaparriexpeditions.com\\\/reservar\\\/excursion\\\/#breadcrumb\"},\"inLanguage\":\"en-US\",\"potentialAction\":[{\"@type\":\"ReadAction\",\"target\":[\"https:\\\/\\\/chaparriexpeditions.com\\\/reservar\\\/excursion\\\/\"]}]},{\"@type\":\"ImageObject\",\"inLanguage\":\"en-US\",\"@id\":\"https:\\\/\\\/chaparriexpeditions.com\\\/reservar\\\/excursion\\\/#primaryimage\",\"url\":\"https:\\\/\\\/chaparriexpeditions.com\\\/wp-content\\\/uploads\\\/2017\\\/07\\\/9.jpg\",\"contentUrl\":\"https:\\\/\\\/chaparriexpeditions.com\\\/wp-content\\\/uploads\\\/2017\\\/07\\\/9.jpg\",\"width\":605,\"height\":605},{\"@type\":\"BreadcrumbList\",\"@id\":\"https:\\\/\\\/chaparriexpeditions.com\\\/reservar\\\/excursion\\\/#breadcrumb\",\"itemListElement\":[{\"@type\":\"ListItem\",\"position\":1,\"name\":\"Home\",\"item\":\"https:\\\/\\\/chaparriexpeditions.com\\\/\"},{\"@type\":\"ListItem\",\"position\":2,\"name\":\"Productos\",\"item\":\"https:\\\/\\\/chaparriexpeditions.com\\\/shop\\\/\"},{\"@type\":\"ListItem\",\"position\":3,\"name\":\"Excursi\u00f3n del d\u00eda\"}]},{\"@type\":\"WebSite\",\"@id\":\"https:\\\/\\\/chaparriexpeditions.com\\\/en\\\/#website\",\"url\":\"https:\\\/\\\/chaparriexpeditions.com\\\/en\\\/\",\"name\":\"Chaparr\u00ed Expeditions\",\"description\":\"Chaparri Expeditions\",\"publisher\":{\"@id\":\"https:\\\/\\\/chaparriexpeditions.com\\\/en\\\/#organization\"},\"potentialAction\":[{\"@type\":\"SearchAction\",\"target\":{\"@type\":\"EntryPoint\",\"urlTemplate\":\"https:\\\/\\\/chaparriexpeditions.com\\\/en\\\/?s={search_term_string}\"},\"query-input\":{\"@type\":\"PropertyValueSpecification\",\"valueRequired\":true,\"valueName\":\"search_term_string\"}}],\"inLanguage\":\"en-US\"},{\"@type\":\"Organization\",\"@id\":\"https:\\\/\\\/chaparriexpeditions.com\\\/en\\\/#organization\",\"name\":\"Chaparr\u00ed Expeditions\",\"url\":\"https:\\\/\\\/chaparriexpeditions.com\\\/en\\\/\",\"logo\":{\"@type\":\"ImageObject\",\"inLanguage\":\"en-US\",\"@id\":\"https:\\\/\\\/chaparriexpeditions.com\\\/en\\\/#\\\/schema\\\/logo\\\/image\\\/\",\"url\":\"https:\\\/\\\/chaparriexpeditions.com\\\/wp-content\\\/uploads\\\/2021\\\/06\\\/cropped-LogoHome-02.png\",\"contentUrl\":\"https:\\\/\\\/chaparriexpeditions.com\\\/wp-content\\\/uploads\\\/2021\\\/06\\\/cropped-LogoHome-02.png\",\"width\":537,\"height\":358,\"caption\":\"Chaparr\u00ed Expeditions\"},\"image\":{\"@id\":\"https:\\\/\\\/chaparriexpeditions.com\\\/en\\\/#\\\/schema\\\/logo\\\/image\\\/\"},\"sameAs\":[\"https:\\\/\\\/www.facebook.com\\\/chaparri.expeditions\\\/\",\"https:\\\/\\\/www.instagram.com\\\/chaparriexpeditions\\\/\"]}]}<\/script>\n<!-- \/ Yoast SEO plugin. -->","yoast_head_json":{"title":"Excursi\u00f3n del d\u00eda - Chaparri Expeditions","robots":{"index":"index","follow":"follow","max-snippet":"max-snippet:-1","max-image-preview":"max-image-preview:large","max-video-preview":"max-video-preview:-1"},"canonical":"https:\/\/chaparriexpeditions.com\/en\/reservar\/excursion\/","og_locale":"en_US","og_type":"article","og_title":"Excursi\u00f3n del d\u00eda - Chaparri Expeditions","og_description":"\u00a1Organizamos tu excursi\u00f3n o te sumamos a la pr\u00f3xima! Escr\u00edbenos al WhatsApp +51 984-676-249, al correo reservas@chaparriexpeditions.com o mediante el siguiente formulario:  &hellip; Read More","og_url":"https:\/\/chaparriexpeditions.com\/en\/reservar\/excursion\/","og_site_name":"Chaparri Expeditions","article_publisher":"https:\/\/www.facebook.com\/chaparri.expeditions\/","article_modified_time":"2024-12-08T22:41:45+00:00","og_image":[{"width":605,"height":605,"url":"https:\/\/chaparriexpeditions.com\/wp-content\/uploads\/2017\/07\/9.jpg","type":"image\/jpeg"}],"twitter_card":"summary_large_image","twitter_misc":{"Est. reading time":"1 minute"},"schema":{"@context":"https:\/\/schema.org","@graph":[{"@type":"WebPage","@id":"https:\/\/chaparriexpeditions.com\/reservar\/excursion\/","url":"https:\/\/chaparriexpeditions.com\/reservar\/excursion\/","name":"Excursi\u00f3n del d\u00eda - Chaparri Expeditions","isPartOf":{"@id":"https:\/\/chaparriexpeditions.com\/en\/#website"},"primaryImageOfPage":{"@id":"https:\/\/chaparriexpeditions.com\/reservar\/excursion\/#primaryimage"},"image":{"@id":"https:\/\/chaparriexpeditions.com\/reservar\/excursion\/#primaryimage"},"thumbnailUrl":"https:\/\/chaparriexpeditions.com\/wp-content\/uploads\/2017\/07\/9.jpg","datePublished":"2021-05-18T01:39:58+00:00","dateModified":"2024-12-08T22:41:45+00:00","breadcrumb":{"@id":"https:\/\/chaparriexpeditions.com\/reservar\/excursion\/#breadcrumb"},"inLanguage":"en-US","potentialAction":[{"@type":"ReadAction","target":["https:\/\/chaparriexpeditions.com\/reservar\/excursion\/"]}]},{"@type":"ImageObject","inLanguage":"en-US","@id":"https:\/\/chaparriexpeditions.com\/reservar\/excursion\/#primaryimage","url":"https:\/\/chaparriexpeditions.com\/wp-content\/uploads\/2017\/07\/9.jpg","contentUrl":"https:\/\/chaparriexpeditions.com\/wp-content\/uploads\/2017\/07\/9.jpg","width":605,"height":605},{"@type":"BreadcrumbList","@id":"https:\/\/chaparriexpeditions.com\/reservar\/excursion\/#breadcrumb","itemListElement":[{"@type":"ListItem","position":1,"name":"Home","item":"https:\/\/chaparriexpeditions.com\/"},{"@type":"ListItem","position":2,"name":"Productos","item":"https:\/\/chaparriexpeditions.com\/shop\/"},{"@type":"ListItem","position":3,"name":"Excursi\u00f3n del d\u00eda"}]},{"@type":"WebSite","@id":"https:\/\/chaparriexpeditions.com\/en\/#website","url":"https:\/\/chaparriexpeditions.com\/en\/","name":"Chaparr\u00ed Expeditions","description":"Chaparri Expeditions","publisher":{"@id":"https:\/\/chaparriexpeditions.com\/en\/#organization"},"potentialAction":[{"@type":"SearchAction","target":{"@type":"EntryPoint","urlTemplate":"https:\/\/chaparriexpeditions.com\/en\/?s={search_term_string}"},"query-input":{"@type":"PropertyValueSpecification","valueRequired":true,"valueName":"search_term_string"}}],"inLanguage":"en-US"},{"@type":"Organization","@id":"https:\/\/chaparriexpeditions.com\/en\/#organization","name":"Chaparr\u00ed Expeditions","url":"https:\/\/chaparriexpeditions.com\/en\/","logo":{"@type":"ImageObject","inLanguage":"en-US","@id":"https:\/\/chaparriexpeditions.com\/en\/#\/schema\/logo\/image\/","url":"https:\/\/chaparriexpeditions.com\/wp-content\/uploads\/2021\/06\/cropped-LogoHome-02.png","contentUrl":"https:\/\/chaparriexpeditions.com\/wp-content\/uploads\/2021\/06\/cropped-LogoHome-02.png","width":537,"height":358,"caption":"Chaparr\u00ed Expeditions"},"image":{"@id":"https:\/\/chaparriexpeditions.com\/en\/#\/schema\/logo\/image\/"},"sameAs":["https:\/\/www.facebook.com\/chaparri.expeditions\/","https:\/\/www.instagram.com\/chaparriexpeditions\/"]}]}},"_links":{"self":[{"href":"https:\/\/chaparriexpeditions.com\/en\/wp-json\/wp\/v2\/product\/1627","targetHints":{"allow":["GET"]}}],"collection":[{"href":"https:\/\/chaparriexpeditions.com\/en\/wp-json\/wp\/v2\/product"}],"about":[{"href":"https:\/\/chaparriexpeditions.com\/en\/wp-json\/wp\/v2\/types\/product"}],"version-history":[{"count":3,"href":"https:\/\/chaparriexpeditions.com\/en\/wp-json\/wp\/v2\/product\/1627\/revisions"}],"predecessor-version":[{"id":4035,"href":"https:\/\/chaparriexpeditions.com\/en\/wp-json\/wp\/v2\/product\/1627\/revisions\/4035"}],"wp:featuredmedia":[{"embeddable":true,"href":"https:\/\/chaparriexpeditions.com\/en\/wp-json\/wp\/v2\/media\/444"}],"wp:attachment":[{"href":"https:\/\/chaparriexpeditions.com\/en\/wp-json\/wp\/v2\/media?parent=1627"}],"wp:term":[{"taxonomy":"product_brand","embeddable":true,"href":"https:\/\/chaparriexpeditions.com\/en\/wp-json\/wp\/v2\/product_brand?post=1627"},{"taxonomy":"product_cat","embeddable":true,"href":"https:\/\/chaparriexpeditions.com\/en\/wp-json\/wp\/v2\/product_cat?post=1627"},{"taxonomy":"product_tag","embeddable":true,"href":"https:\/\/chaparriexpeditions.com\/en\/wp-json\/wp\/v2\/product_tag?post=1627"}],"curies":[{"name":"wp","href":"https:\/\/api.w.org\/{rel}","templated":true}]}}